{"id":625,"date":"2022-04-25T14:11:04","date_gmt":"2022-04-25T14:11:04","guid":{"rendered":"https:\/\/iwotto.com\/?page_id=625"},"modified":"2026-01-29T12:44:12","modified_gmt":"2026-01-29T12:44:12","slug":"cookies-policy","status":"publish","type":"page","link":"https:\/\/iwotto.com\/en\/cookies-policy\/","title":{"rendered":"Cookies Policy"},"content":{"rendered":"<p>&nbsp;<\/p>\n<p>En cumplimiento de la Ley 34\/2002 de Servicios de la Sociedad de la Informaci\u00f3n y del Comercio Electr\u00f3nico (LSSICE), se informa de los siguientes aspectos legales de la Web:<\/p>\n<p>&nbsp;<\/p>\n<table width=\"567\">\n<tbody>\n<tr>\n<td width=\"133\">Web:<\/td>\n<td width=\"433\"><a href=\"https:\/\/iwotto.com\/\">https:\/\/iwotto.com\/<\/a><\/td>\n<\/tr>\n<tr>\n<td width=\"133\">Titular:<\/td>\n<td width=\"433\"><strong>WOTTOLINE, S.A.<\/strong><\/td>\n<\/tr>\n<tr>\n<td width=\"133\">Domicilio:<\/td>\n<td width=\"433\">C\/Toronga, n\u00ba 23. 28043-Madrid<\/td>\n<\/tr>\n<tr>\n<td width=\"133\">C.I.F.:<\/td>\n<td width=\"433\">A78811577<\/td>\n<\/tr>\n<tr>\n<td width=\"133\">Tel\u00e9fono:<\/td>\n<td width=\"433\">917216170<\/td>\n<\/tr>\n<tr>\n<td width=\"133\">Correo electr\u00f3nico:<\/td>\n<td width=\"433\"><a href=\"mailto:comercial@wottoline.com\">comercial@wottoline.com<\/a><\/td>\n<\/tr>\n<tr>\n<td width=\"133\">Datos registrales:<\/td>\n<td width=\"433\">Inscrita en el Registro Mercantil de Inscrita en el Registro Mercantil de Madrid, Tomo 8.578, Folio 113, Secci\u00f3n 3\u00aa, Hoja 70914<\/td>\n<\/tr>\n<\/tbody>\n<\/table>\n<p>&nbsp;<\/p>\n<p>WOTTOLINE, S.A. puede recopilar informaci\u00f3n sobre los h\u00e1bitos de b\u00fasqueda de los usuarios del sitio web por medio de cookies o archivos de registro. No se utilizar\u00e1n las cookies para recoger informaci\u00f3n de car\u00e1cter personal. Solamente se instalar\u00e1n si el Usuario permanece y contin\u00faa navegando en nuestra p\u00e1gina web, entendiendo que consiente su uso e instalaci\u00f3n. A continuaci\u00f3n, proporcionamos informaci\u00f3n detallada sobre: qu\u00e9 son las &#8220;cookies&#8221;, qu\u00e9 tipolog\u00eda utiliza este sitio web, c\u00f3mo pueden desactivarlas en el navegador y c\u00f3mo bloquear espec\u00edficamente la instalaci\u00f3n de Cookies de terceros.<\/p>\n<p>&nbsp;<\/p>\n<p><strong>1) \u00bfQU\u00c9 SON LAS COOKIES?<\/strong><\/p>\n<p>Las cookies son peque\u00f1os archivos de texto generados por las p\u00e1ginas web que el Usuario visita, las cuales contienen los datos de sesi\u00f3n que pueden ser de utilidad m\u00e1s adelante en la p\u00e1gina web. Los datos permiten que la p\u00e1gina web pueda mantener su informaci\u00f3n entre las p\u00e1ginas, y tambi\u00e9n para analizar la forma de interactuar con el sitio.<\/p>\n<p>Las cookies son seguras ya que s\u00f3lo pueden almacenar la informaci\u00f3n que se puso en su lugar por el navegador, la informaci\u00f3n que el Usuario hubiera introducido en el navegador o la que se incluye en la solicitud de p\u00e1gina. No pueden ejecutar c\u00f3digo y no se pueden utilizar para acceder al equipo del Usuario.<\/p>\n<p>Las cookies son esenciales para el funcionamiento de Internet, aportando innumerables ventajas en la prestaci\u00f3n de servicios interactivos, facilitando la navegaci\u00f3n y usabilidad de las p\u00e1ginas web. Las cookies no pueden da\u00f1ar los equipos y que est\u00e9n activadas ayuda a identificar y resolver los errores.<\/p>\n<p>La informaci\u00f3n recabada a trav\u00e9s de las cookies puede incluir la fecha y hora de visitas al Sitio Web, las p\u00e1ginas visionadas, el tiempo que ha estado en el Sitio Web y los sitios visitados justo antes y despu\u00e9s del mismo. Sin embargo, ninguna cookie permite que esta misma pueda contactarse con el n\u00famero de tel\u00e9fono del Usuario o con cualquier otro medio de contacto personal. Ninguna cookie puede extraer informaci\u00f3n del disco duro del Usuario o robar informaci\u00f3n personal. La \u00fanica manera de que la informaci\u00f3n privada del Usuario forme parte del archivo Cookie es que el usuario d\u00e9 personalmente esa informaci\u00f3n al servidor.<\/p>\n<p>Las cookies que permiten identificar a una persona se consideran datos personales. Por tanto, a las mismas les ser\u00e1 de aplicaci\u00f3n la Pol\u00edtica de Privacidad anteriormente descrita. En este sentido, para la utilizaci\u00f3n de las mismas ser\u00e1 necesario el consentimiento del Usuario. Este consentimiento ser\u00e1 comunicado, en base a una elecci\u00f3n aut\u00e9ntica, ofrecido mediante una decisi\u00f3n afirmativa y positiva, antes del tratamiento inicial, removible y documentado.<\/p>\n<p>&nbsp;<\/p>\n<p><strong>2) \u00bfQUE SON LOS SCRIPTS?<\/strong><\/p>\n<p>Un script es un fragmento de c\u00f3digo de programa que se utiliza para hacer que nuestra web funcione correctamente y de forma interactiva. Este c\u00f3digo se ejecuta en nuestro servidor o en su dispositivo.<\/p>\n<p>&nbsp;<\/p>\n<p><strong>3) TIPOS DE COOKIES<\/strong><\/p>\n<p>A continuaci\u00f3n, proporcionamos m\u00e1s informaci\u00f3n para que se entiendan mejor los diferentes tipos de cookies que pueden ser utilizados:<\/p>\n<p><strong>Seg\u00fan titularidad<\/strong><\/p>\n<p>Cookies Propias: son aquellas que se env\u00edan al equipo terminal del usuario desde un equipo o dominio gestionado por el propio editor y desde el que se presta el servicio solicitado por el usuario.<\/p>\n<p>Cookies de terceros: son aquellas que se env\u00edan al equipo terminal del usuario desde un equipo o dominio que no es gestionado por el editor, sino por otra entidad que trata los datos obtenidos trav\u00e9s de las cookies.<\/p>\n<p><strong>Seg\u00fan su finalidad<\/strong><\/p>\n<p>Cookies t\u00e9cnicas (necesarias): Las cookies t\u00e9cnicas son aquellas imprescindibles y estrictamente necesarias para el correcto funcionamiento de un portal web y la utilizaci\u00f3n de las diferentes opciones i servicios que ofrece.<\/p>\n<p>Por ejemplo, las que sirven para el mantenimiento de la sesi\u00f3n, la gesti\u00f3n del tiempo de respuesta, rendimiento, etc.<\/p>\n<p>Cookies de preferencias o personalizaci\u00f3n: son aquellas que permiten recordar informaci\u00f3n para que el usuario acceda al servicio con determinadas caracter\u00edsticas que pueden diferenciar su experiencia de la de otros usuarios, como, por ejemplo, el idioma, el n\u00famero de resultados a mostrar cuando el usuario realiza una b\u00fasqueda, el aspecto o contenido del servicio en funci\u00f3n del tipo de navegador a trav\u00e9s del cual el usuario accede al servicio o de la regi\u00f3n desde la que accede al servicio, etc.<\/p>\n<p>Cookies anal\u00edticas: son aquellas que permiten al responsable de las mismas el seguimiento y an\u00e1lisis del comportamiento de los usuarios de los sitios web a los que est\u00e1n vinculadas, incluida la cuantificaci\u00f3n de los impactos de los anuncios. La informaci\u00f3n recogida mediante este tipo de cookies se utiliza en la medici\u00f3n de la actividad de los sitios web, aplicaci\u00f3n o plataforma, con el fin de introducir mejoras en funci\u00f3n del an\u00e1lisis de los datos de uso que hacen los usuarios del servicio.<\/p>\n<p>Cookies de publicidad comportamental: son aquellas que almacenan informaci\u00f3n del comportamiento de los usuarios obtenida a trav\u00e9s de la observaci\u00f3n continuada de sus h\u00e1bitos de navegaci\u00f3n, lo que permite desarrollar un perfil espec\u00edfico para mostrar publicidad en funci\u00f3n del mismo.<\/p>\n<p><strong>Seg\u00fan plazo<\/strong><\/p>\n<p>Cookies de sesi\u00f3n: son aquellas dise\u00f1adas para recabar y almacenar datos mientras el usuario accede a una p\u00e1gina web. Se suelen emplear para almacenar informaci\u00f3n que solo interesa conservar para la prestaci\u00f3n del servicio solicitado por el usuario en una sola ocasi\u00f3n (por ejemplo, una lista de productos adquiridos) y desaparecen al terminar la sesi\u00f3n<\/p>\n<p>Cookies persistentes: son aquellas en las que los datos siguen almacenados en el terminal y pueden ser accedidos y tratados durante un periodo definido por el responsable de la cookie, y que puede ir de unos minutos a varios a\u00f1os.<\/p>\n<p><strong>Cookies propias<\/strong><\/p>\n<p>Son aquellas cookies que son enviadas al ordenador o dispositivo del Usuario y gestionadas exclusivamente por WOTTOLINE, S.A. para el mejor funcionamiento del Sitio Web. La informaci\u00f3n que se recaba se emplea para mejorar la calidad del Sitio Web y su Contenido y su experiencia como Usuario. Estas cookies permiten reconocer al Usuario como visitante recurrente del Sitio Web y adaptar el contenido para ofrecerle contenidos que se ajusten a sus preferencias.<\/p>\n<p>_ga\u00a0\u00a0\u00a0\u00a0\u00a0 Utilizada por Google Analytics para distinguir usuarios.\u00a0 2026-05-06T08:35:38.218Z\u00a0\u00a0\u00a0\u00a0\u00a0\u00a0\u00a0 .iwotto.com<\/p>\n<p>_ga_BD81GWC15V\u00a0\u00a0\u00a0\u00a0\u00a0 Utilizada por Google Analytics para gestionar sesiones del usuario.\u00a0\u00a0\u00a0 2026-05-06T08:35:38.218Z\u00a0\u00a0\u00a0\u00a0\u00a0\u00a0 .iwotto.com<\/p>\n<p>_ym_d\u00a0 Almacena el identificador de usuario para Yandex Metrica.\u00a0\u00a0\u00a0\u00a0\u00a0\u00a0\u00a0\u00a0\u00a0\u00a0\u00a0 2026-04-01T08:34:07.000Z\u00a0\u00a0\u00a0\u00a0\u00a0\u00a0 .iwotto.com<\/p>\n<p>_ym_isad\u00a0\u00a0\u00a0\u00a0\u00a0\u00a0\u00a0\u00a0\u00a0 Almacena un valor indicando si el usuario est\u00e1 usando un bloqueador de anuncios.\u00a0\u00a0\u00a0\u00a0\u00a0\u00a0\u00a0\u00a0\u00a0\u00a0 2025-04-02T04:34:07.000Z\u00a0\u00a0\u00a0\u00a0\u00a0\u00a0 .iwotto.com<\/p>\n<p>_ym_uid\u00a0\u00a0\u00a0\u00a0\u00a0\u00a0\u00a0\u00a0\u00a0\u00a0 Almacena el identificador \u00fanico del usuario en Yandex Metrica.\u00a0\u00a0\u00a0\u00a0\u00a0\u00a0\u00a0\u00a0\u00a0\u00a0\u00a0 2026-04-01T08:34:07.000Z\u00a0\u00a0\u00a0\u00a0\u00a0\u00a0 .iwotto.com<\/p>\n<p>_ym_visorc\u00a0\u00a0\u00a0\u00a0\u00a0\u00a0 Almacena la configuraci\u00f3n de las visitas del usuario en Yandex.\u00a0\u00a0\u00a0\u00a0\u00a0\u00a0\u00a0\u00a0\u00a0\u00a0\u00a0 2025-04-01T09:05:38.000Z\u00a0\u00a0\u00a0\u00a0\u00a0\u00a0 .iwotto.com<\/p>\n<p>cmplz_banner-status\u00a0\u00a0\u00a0 Almacena el estado del banner de consentimiento de cookies.\u00a0\u00a0\u00a0\u00a0\u00a0\u00a0 2026-04-01T08:34:12.000Z\u00a0\u00a0\u00a0\u00a0\u00a0\u00a0 iwotto.com<\/p>\n<p>cmplz_consented_services\u00a0\u00a0\u00a0\u00a0\u00a0\u00a0 Almacena los servicios de cookies consintiendo por el usuario.\u00a0\u00a0\u00a0\u00a0\u00a0\u00a0 2026-04-01T08:34:12.000Z\u00a0\u00a0\u00a0\u00a0\u00a0\u00a0 iwotto.com<\/p>\n<p>cmplz_functional\u00a0\u00a0\u00a0\u00a0\u00a0\u00a0\u00a0\u00a0\u00a0\u00a0 Almacena la preferencia de cookies funcionales del usuario.\u00a0\u00a0\u00a0\u00a0\u00a0\u00a0\u00a0\u00a0\u00a0\u00a0\u00a0 2026-04-01T08:34:12.000Z\u00a0\u00a0\u00a0\u00a0\u00a0\u00a0 iwotto.com<\/p>\n<p>cmplz_marketing\u00a0\u00a0\u00a0\u00a0\u00a0\u00a0\u00a0\u00a0\u00a0 Almacena la preferencia de cookies de marketing del usuario.\u00a0\u00a0\u00a0\u00a0\u00a0\u00a0 2026-04-01T08:34:12.000Z\u00a0\u00a0\u00a0\u00a0\u00a0\u00a0 iwotto.com<\/p>\n<p>cmplz_policy_id Almacena el ID de la pol\u00edtica de cookies aceptada.\u00a0\u00a0\u00a0\u00a0\u00a0\u00a0\u00a0\u00a0\u00a0\u00a0\u00a0 2026-04-01T08:34:12.000Z\u00a0\u00a0\u00a0\u00a0\u00a0\u00a0 iwotto.com<\/p>\n<p>cmplz_preferences\u00a0\u00a0\u00a0\u00a0\u00a0\u00a0 Almacena las preferencias generales de cookies del usuario.\u00a0\u00a0\u00a0\u00a0\u00a0\u00a0\u00a0\u00a0\u00a0\u00a0\u00a0 2026-04-01T08:34:12.000Z\u00a0\u00a0\u00a0\u00a0\u00a0\u00a0 iwotto.com<\/p>\n<p>cmplz_statistics Almacena la preferencia de cookies estad\u00edsticas del usuario.\u00a0\u00a0\u00a0\u00a0\u00a0\u00a0\u00a0\u00a0\u00a0\u00a0\u00a0 2026-04-01T08:34:12.000Z\u00a0\u00a0\u00a0\u00a0\u00a0\u00a0 iwotto.com<\/p>\n<p>wp-wpml_current_language\u00a0\u00a0\u00a0\u00a0\u00a0\u00a0 Almacena el idioma seleccionado por el usuario en WordPress. Sesi\u00f3n\u00a0 iwotto.com<\/p>\n<p><strong>Cookies de terceros<\/strong><\/p>\n<p>Son cookies utilizadas y gestionadas por entidades externas que proporcionan a servicios solicitados por este mismo para mejorar el Sitio Web y la experiencia del usuario al navegar en el Sitio Web. Los principales objetivos para los que se utilizan cookies de terceros son la obtenci\u00f3n de estad\u00edsticas de accesos y analizar la informaci\u00f3n de la navegaci\u00f3n, es decir, c\u00f3mo interact\u00faa el Usuario con el Sitio Web.<\/p>\n<p>La informaci\u00f3n que se obtiene se refiere, por ejemplo, al n\u00famero de p\u00e1ginas visitadas, el idioma, el lugar a la que la direcci\u00f3n IP desde el que accede el Usuario, el n\u00famero de Usuarios que acceden, la frecuencia y reincidencia de las visitas, el tiempo de visita, el navegador que usan, el operador o tipo de dispositivo desde el que se realiza la visita. Esta informaci\u00f3n se utiliza para mejorar el Sitio Web, y detectar nuevas necesidades para ofrecer a los Usuarios un Contenido y\/o servicio de \u00f3ptima calidad. En todo caso, la informaci\u00f3n se recopila de forma an\u00f3nima y se elaboran informes de tendencias del Sitio Web sin identificar a usuarios individuales.<\/p>\n<p>Puede obtener m\u00e1s informaci\u00f3n sobre las cookies, la informaci\u00f3n sobre la privacidad, o consultar la descripci\u00f3n del tipo de cookies que se utiliza, sus principales caracter\u00edsticas, periodo de expiraci\u00f3n, etc. en el siguiente(s) enlace(s):<\/p>\n<p>bh\u00a0\u00a0\u00a0\u00a0\u00a0\u00a0\u00a0 Utilizada por Yandex para el seguimiento de los usuarios.\u00a0\u00a0\u00a0\u00a0\u00a0\u00a0\u00a0\u00a0\u00a0\u00a0\u00a0 2026-05-06T08:34:06.962Z\u00a0\u00a0\u00a0\u00a0\u00a0\u00a0 .yandex.ru<\/p>\n<p>i\u00a0\u00a0\u00a0\u00a0\u00a0\u00a0\u00a0\u00a0\u00a0\u00a0 Almacena informaci\u00f3n de usuario para el seguimiento de publicidad por Yandex.\u00a0\u00a0\u00a0\u00a0\u00a0 2025-12-13T11:20:46.568Z\u00a0\u00a0\u00a0\u00a0\u00a0\u00a0 .yandex.ru<\/p>\n<p>sync_cookie_csrf\u00a0\u00a0\u00a0\u00a0\u00a0\u00a0\u00a0\u00a0\u00a0 Probablemente utilizada para la protecci\u00f3n CSRF en Yandex.\u00a0\u00a0\u00a0\u00a0\u00a0\u00a0 2025-04-01T08:44:07.000Z\u00a0\u00a0\u00a0\u00a0\u00a0\u00a0 .mc.yandex.ru<\/p>\n<p>yandexuid\u00a0\u00a0\u00a0\u00a0\u00a0\u00a0\u00a0\u00a0 Identificador \u00fanico del usuario para seguimiento en Yandex.\u00a0\u00a0\u00a0\u00a0\u00a0\u00a0\u00a0\u00a0\u00a0\u00a0\u00a0 2025-12-13T11:20:46.568Z\u00a0\u00a0\u00a0\u00a0\u00a0\u00a0 .yandex.ru<\/p>\n<p>yashr\u00a0\u00a0\u00a0 Identificador de usuario utilizado para seguimiento por Yandex.\u00a0\u00a0\u00a0\u00a0\u00a0\u00a0\u00a0\u00a0\u00a0\u00a0\u00a0 2025-11-08T11:20:45.247Z\u00a0\u00a0\u00a0\u00a0\u00a0\u00a0 .yandex.ru<\/p>\n<p>ymex\u00a0\u00a0\u00a0 Identificador asociado con Yandex para la personalizaci\u00f3n de contenido.\u00a0\u00a0\u00a0\u00a0\u00a0\u00a0\u00a0 2025-11-08T11:20:46.568Z\u00a0\u00a0\u00a0\u00a0\u00a0\u00a0 .yandex.ru<\/p>\n<p>yp\u00a0\u00a0\u00a0\u00a0\u00a0\u00a0\u00a0 Probablemente utilizado para rastrear y personalizar la experiencia del usuario en Yandex. 2025-12-13T11:20:46.568Z\u00a0\u00a0\u00a0\u00a0\u00a0\u00a0 .yandex.ru<\/p>\n<p>yuidss\u00a0\u00a0 Utilizado por Yandex para identificar y rastrear al usuario.\u00a0\u00a0\u00a0\u00a0\u00a0\u00a0\u00a0\u00a0\u00a0\u00a0\u00a0 2025-12-13T11:20:46.568Z\u00a0\u00a0\u00a0\u00a0\u00a0\u00a0 .yandex.ru<\/p>\n<p>La(s) entidad(es) encargada(s) del suministro de cookies podr\u00e1(n) ceder esta informaci\u00f3n a terceros, siempre y cuando lo exija la ley o sea un tercero el que procese esta informaci\u00f3n para dichas entidades.<\/p>\n<p>WOTTOLINE, S.A. no incorpora ning\u00fan enlace ni plugin que redirija a p\u00e1ginas web de redes sociales ni compartir contenido.<\/p>\n<p>&nbsp;<\/p>\n<p><strong>4) RESPONSABLE DEL TRATAMIENTO DE LAS COOKIES<\/strong><\/p>\n<p>El titular de la web y responsable del tratamiento de las cookies aqu\u00ed utilizadas, as\u00ed como sus datos de contacto, son accesibles en el Aviso Legal de esta p\u00e1gina. Asimismo, pueden existir cookies de terceros distintos del titular de esta web, como se explica posteriormente.<\/p>\n<p>&nbsp;<\/p>\n<p><strong>5) LIGITIMACI\u00d3N PARA EL USO DE COOKIES<\/strong><\/p>\n<p>En el caso de las cookies t\u00e9cnicas, es decir, aquellas que resultan imprescindibles para navegar por esta web y recibir el servicio ofrecido a trav\u00e9s de ella, la base legal de su uso es el acuerdo a trav\u00e9s del cual usted decide utilizar esta p\u00e1gina web y utilizar sus servicios.<\/p>\n<p>La base legal del uso del resto de cookies es el consentimiento del usuario, que se le solicita en el momento de acceder a esta web, pudiendo revocarlo en cualquier momento. La retirada de dicho consentimiento no afectar\u00e1 a la posibilidad de navegar por esta web y utilizar sus servicios, pero los tratamientos de datos efectuados con anterioridad no perder\u00e1n su licitud por el hecho de que el consentimiento se haya revocado.<\/p>\n<p>&nbsp;<\/p>\n<p><strong>6) CONSENTIMIENTO<\/strong><\/p>\n<p>El usuario tendr\u00e1 que aceptar de manera expl\u00edcita y activa el uso de las cookies antes anunciadas, por los periodos se\u00f1alados anteriormente y en las condiciones contenidas en la presente Pol\u00edtica de Cookies.<\/p>\n<p>&nbsp;<\/p>\n<p><strong>7) RETIRADA DEL CONSENTIMIENTO<\/strong><\/p>\n<p>El usuario podr\u00e1 retirar en cualquier momento su consentimiento relacionado con esta Pol\u00edtica de Cookies, por eso habr\u00e1 de eliminar las cookies almacenadas en su equipo utilizando los ajustes y configuraciones de su navegador de internet.<\/p>\n<p>&nbsp;<\/p>\n<p><strong>8) DERECHOS DEL INTERESADO<\/strong><\/p>\n<p>La mayor\u00eda de las cookies recopilan informaci\u00f3n an\u00f3nima, que no permite obtener la identidad del usuario, si bien algunos de los c\u00f3digos que se incluyen sirven para singularizar o individualizar al navegador de su dispositivo utilizado, pudiendo ser de aplicaci\u00f3n la normativa en materia de protecci\u00f3n de datos personales. Por ello, le informamos de que la informaci\u00f3n que se obtiene por medio de las cookies, ser\u00e1 tratada con las finalidades indicadas en la presente Pol\u00edtica de Cookies. Asimismo, est\u00e1 informaci\u00f3n tambi\u00e9n ser\u00e1 tratada por aquellas empresas que proveen cookies con las finalidades indicadas en sus respectivas pol\u00edticas de privacidad.<\/p>\n<p>No obstante, teniendo en cuenta que estos c\u00f3digos no permiten la identificaci\u00f3n del Usuario, no ser\u00e1n aplicables los derechos de acceso, rectificaci\u00f3n, supresi\u00f3n, oposici\u00f3n, limitaci\u00f3n y portabilidad reconocidos en la normativa de protecci\u00f3n de datos, salvo que el Usuario sea capaz de aportar informaci\u00f3n adicional que permita vincular su identidad con los c\u00f3digos identificativos de sus cookies.<\/p>\n<p>En caso de considerar vulnerado su derecho a la protecci\u00f3n de datos, el usuario podr\u00e1 interponer una reclamaci\u00f3n ante la Agencia Espa\u00f1ola de Protecci\u00f3n de Datos (www.aepd.es) o ante nuestro Delegado de Protecci\u00f3n de Datos\/ responsable de protecci\u00f3n de datos en el siguiente e-mail comercial@wottoline.com.<\/p>\n<p>Por otro lado, le informamos que algunos de nuestros proveedores, socios y colaboradores pueden estar ubicados en Estados Unidos u otros pa\u00edses cuya legislaci\u00f3n no ofrece un nivel de protecci\u00f3n de datos equivalente al europeo. Al consentir el uso de cookies y la compartici\u00f3n de datos, consiente la transferencia de sus datos personales.<\/p>\n<p>&nbsp;<\/p>\n<p><strong>9) GESTI\u00d3N DE COOKIES: Garant\u00edas complementarias<\/strong><\/p>\n<p>Todos los navegadores de Internet permiten limitar el comportamiento de una cookie o desactivar las cookies dentro de la configuraci\u00f3n o las opciones del navegador. Los pasos para hacerlo son diferentes para cada navegador, pudi\u00e9ndose encontrar instrucciones en el men\u00fa de ayuda de cada navegador.<\/p>\n<p>Muchos navegadores permiten activar un modo privado mediante el cual las cookies se borran siempre despu\u00e9s de la visita. Dependiendo de cada navegador este modo privado, puede tener diferentes nombres. A continuaci\u00f3n, se puede encontrar una lista de los navegadores m\u00e1s comunes con un enlace a la configuraci\u00f3n de cookies y los diferentes nombres de este &#8220;modo privado&#8221;:<\/p>\n<p>&#8211; Internet Explorer: http:\/\/windows.microsoft.com\/es-xl\/internet-explorer\/delete-manage-cookies#ie=ie-11<\/p>\n<p>&#8211; FireFox: https:\/\/support.mozilla.org\/es\/kb\/Borrarcookies<\/p>\n<p>&#8211; Chrome: https:\/\/support.google.com\/chrome\/answer\/95647?hl=es<\/p>\n<p>&#8211; Safari: http:\/\/www.apple.com\/legal\/privacy\/es\/cookies\/<\/p>\n<p>&#8211; Opera: https:\/\/help.opera.com\/en\/latest\/security-and-privacy\/<\/p>\n<p>&#8211; Safari para iOS (dispositivos iPhone y iPad): http:\/\/help.opera.com\/Linux\/10.50\/en\/cookies.html<\/p>\n<p>&#8211; Chrome para Android: https:\/\/support.google.com\/chrome\/answer\/2392971?hl=es<\/p>\n<p>&#8211; Windows Phone: http:\/\/www.windowsphone.com\/es-es\/how-to\/wp7\/web\/changing-privacy-and-other-browser-<\/p>\n<p>&nbsp;<\/p>\n<p>Para obtener m\u00e1s informaci\u00f3n sobre la eliminaci\u00f3n, deshabilitaci\u00f3n o bloqueo de cookies tambi\u00e9n puede visitar: http:\/\/www.aboutcookies.org\/Default.aspx?page=2<\/p>\n<p>En caso de que se deshabiliten las cookies, no podremos mantener sus preferencias y algunas funcionalidades del Sitio Web podr\u00edan quedar inoperativas, no pudiendo ofrecerle servicios personalizados.<\/p>\n<p>&nbsp;<\/p>\n<p><strong>10) ACTUALIZACI\u00d3N DE LA POL\u00cdTICA DE COOKIES<\/strong><\/p>\n<p>Este sitio web puede modificar esta Pol\u00edtica sobre Cookies, por eso le recomendamos revisar esta pol\u00edtica cada vez que acceda a nuestro sitio web por tal de estar adecuadamente informado sobre el uso que hacemos de las cookies.<\/p>\n<p>&nbsp;<\/p>\n<p>\u00daltima revisi\u00f3n: 01\/04\/25<\/p>\n<p>&nbsp;<\/p>\n<p>&nbsp;<\/p>\n<p>&nbsp;<\/p>\n","protected":false},"excerpt":{"rendered":"<p>&nbsp; En cumplimiento de la Ley 34\/2002 de Servicios de la Sociedad de la Informaci\u00f3n y del Comercio Electr\u00f3nico (LSSICE), se informa de los siguientes aspectos legales de la Web: &nbsp; Web: https:\/\/iwotto.com\/ Titular: WOTTOLINE, S.A. Domicilio: C\/Toronga, n\u00ba 23. 28043-Madrid C.I.F.: A78811577 Tel\u00e9fono: 917216170 Correo electr\u00f3nico: comercial@wottoline.com Datos registrales: Inscrita en el Registro Mercantil [&hellip;]<\/p>\n","protected":false},"author":1,"featured_media":0,"parent":0,"menu_order":0,"comment_status":"closed","ping_status":"closed","template":"","meta":{"footnotes":""},"class_list":["post-625","page","type-page","status-publish","hentry"],"_links":{"self":[{"href":"https:\/\/iwotto.com\/en\/wp-json\/wp\/v2\/pages\/625","targetHints":{"allow":["GET"]}}],"collection":[{"href":"https:\/\/iwotto.com\/en\/wp-json\/wp\/v2\/pages"}],"about":[{"href":"https:\/\/iwotto.com\/en\/wp-json\/wp\/v2\/types\/page"}],"author":[{"embeddable":true,"href":"https:\/\/iwotto.com\/en\/wp-json\/wp\/v2\/users\/1"}],"replies":[{"embeddable":true,"href":"https:\/\/iwotto.com\/en\/wp-json\/wp\/v2\/comments?post=625"}],"version-history":[{"count":5,"href":"https:\/\/iwotto.com\/en\/wp-json\/wp\/v2\/pages\/625\/revisions"}],"predecessor-version":[{"id":1536,"href":"https:\/\/iwotto.com\/en\/wp-json\/wp\/v2\/pages\/625\/revisions\/1536"}],"wp:attachment":[{"href":"https:\/\/iwotto.com\/en\/wp-json\/wp\/v2\/media?parent=625"}],"curies":[{"name":"wp","href":"https:\/\/api.w.org\/{rel}","templated":true}]}}